{"id":5,"date":"2011-06-20T15:13:32","date_gmt":"2011-06-20T15:13:32","guid":{"rendered":"http:\/\/filosofium.wordpress.com\/?page_id=2"},"modified":"2015-01-19T20:06:52","modified_gmt":"2015-01-19T19:06:52","slug":"about","status":"publish","type":"page","link":"https:\/\/filosofium.evelyne-weissenbach.at\/?page_id=5","title":{"rendered":"Wer ist Lintschi"},"content":{"rendered":"<p>&nbsp;<\/p>\n<p><font size=\"3\">Mein Name ist Evelyne Weissenbach und \u2013 ich schreibe! Ja, wer h\u00e4tte<br \/>\ndas gedacht \u2026<br \/>\nIch schreibe vielerlei.<br \/>\nAber alles was ich schreibe ist meinem besonderen Interessensgebiet gewidmet: der Liebe.<br \/>\nNicht der Verliebtheit, sondern der Liebe als menschlichste Qualit\u00e4t widme ich mein besonderes Augenmerk.<br \/>\nUnd dazu schreibe ich &#8230;<\/p>\n<ul>\n<li>Artikel, sachliche Abhandlungen \u2013 Z.B. habe ich ein Sachbuch \u00fcber das Ph\u00e4nomen der Liebe geschrieben.<\/li>\n<li>Romane \u2013 selbstverst\u00e4ndlich m\u00fcssen meine Protagonisten ihre Situationen anhand dieser These bew\u00e4ltigen, sind deshalb sehr authentisch und manchmal beinahe als Selbsthilferatgeber zu verwenden, aber trotzdem humorvoll und erotisch (oder gerade deshalb?).<\/li>\n<li>Erotisch \u2013 ja, erotisch schreibe ich auch sehr gerne. Meine Spezialit\u00e4t: Erotische Poesie.<\/li>\n<li>Gedichte \u2013 da gibt es viele. Hintergr\u00fcndige, vordergr\u00fcndige, abgr\u00fcndige und auch solche ohne jeden Grund.<\/li>\n<\/ul>\n<p>Ich arbeite oft in Zyklen, in erster Linie deshalb, weil ich so gut wie keine Mutltitaskingf\u00e4higkeiten besitze.<br \/>\nMein derzeitiger Arbeitszyklus umfasst das Spektrum der letzten Jahr(zehnt)e des Menschenlebens.<\/p>\n<p>Mein letzter Roman <a href=\"http:\/\/www.hs-verlage.at\/programm\/info_winterblueten.html\" target=\"_blank\" rel=\"noopener\"><strong>&#8222;Winterbl\u00fcten&#8220;<\/strong><\/a> handelt deshalb von Liebe und Sex im Seniorenheim.<\/p>\n<p>Da ich alle Lyrik immer laut lese, ver\u00f6ffentliche ich auch meine Texte gerne mit Audio-Versionen.<\/p>\n<p>Und dann fotografiere ich auch noch gern und manchmal male ich auch. Beides ohne jeden k\u00fcnstlerischen Anspruch, wie jeder auf den ersten Blick erkennen wird. Aber ich machs mit Freude, wie fast alles in meinem Leben.<\/p>\n<p>Ach ja &#8211; und meine Freunde nennen mich Lintschi <img decoding=\"async\" src=\"http:\/\/i274.photobucket.com\/albums\/jj272\/lin_tschi\/smilies\/lintschi1.gif\" alt=\"lintschi\" \/><\/p>\n<p><a href=\"http:\/\/www.evelyne-weissenbach.at\" target=\"_blank\"><strong>Zu meiner Autorenhomepage &gt;&gt;&gt;<\/strong><\/a><\/p>\n<p><strong>Ich w\u00fcnsche anregende Leseunterhaltung auf meinen Seiten!<\/strong><\/font><\/p>\n<p>&nbsp;<\/p>\n<p>&nbsp;<\/p>\n","protected":false},"excerpt":{"rendered":"<p>&nbsp; Mein Name ist Evelyne Weissenbach und \u2013 ich schreibe! Ja, wer h\u00e4tte das gedacht \u2026 Ich schreibe vielerlei. Aber alles was ich schreibe ist meinem besonderen Interessensgebiet gewidmet: der Liebe. Nicht der Verliebtheit, sondern der Liebe als menschlichste Qualit\u00e4t widme ich mein besonderes Augenmerk. Und dazu schreibe ich &#8230; Artikel, sachliche Abhandlungen \u2013 Z.B. [&hellip;]<\/p>\n","protected":false},"author":2,"featured_media":0,"parent":0,"menu_order":0,"comment_status":"open","ping_status":"open","template":"","meta":{"jetpack_post_was_ever_published":false,"footnotes":""},"class_list":["post-5","page","type-page","status-publish","hentry"],"jetpack_shortlink":"https:\/\/wp.me\/P3ZwSb-5","jetpack_sharing_enabled":true,"jetpack_likes_enabled":true,"_links":{"self":[{"href":"https:\/\/filosofium.evelyne-weissenbach.at\/index.php?rest_route=\/wp\/v2\/pages\/5","targetHints":{"allow":["GET"]}}],"collection":[{"href":"https:\/\/filosofium.evelyne-weissenbach.at\/index.php?rest_route=\/wp\/v2\/pages"}],"about":[{"href":"https:\/\/filosofium.evelyne-weissenbach.at\/index.php?rest_route=\/wp\/v2\/types\/page"}],"author":[{"embeddable":true,"href":"https:\/\/filosofium.evelyne-weissenbach.at\/index.php?rest_route=\/wp\/v2\/users\/2"}],"replies":[{"embeddable":true,"href":"https:\/\/filosofium.evelyne-weissenbach.at\/index.php?rest_route=%2Fwp%2Fv2%2Fcomments&post=5"}],"version-history":[{"count":5,"href":"https:\/\/filosofium.evelyne-weissenbach.at\/index.php?rest_route=\/wp\/v2\/pages\/5\/revisions"}],"predecessor-version":[{"id":4304,"href":"https:\/\/filosofium.evelyne-weissenbach.at\/index.php?rest_route=\/wp\/v2\/pages\/5\/revisions\/4304"}],"wp:attachment":[{"href":"https:\/\/filosofium.evelyne-weissenbach.at\/index.php?rest_route=%2Fwp%2Fv2%2Fmedia&parent=5"}],"curies":[{"name":"wp","href":"https:\/\/api.w.org\/{rel}","templated":true}]}}